{"id":65,"date":"2023-12-26T19:22:49","date_gmt":"2023-12-26T19:22:49","guid":{"rendered":"https:\/\/provictum.se\/index.php\/about\/"},"modified":"2024-01-08T09:29:22","modified_gmt":"2024-01-08T09:29:22","slug":"om-oss","status":"publish","type":"page","link":"https:\/\/provictum.se\/index.php\/om-oss\/","title":{"rendered":"Om oss"},"content":{"rendered":"\t\t<div data-elementor-type=\"wp-page\" data-elementor-id=\"65\" class=\"elementor elementor-65\" data-elementor-post-type=\"page\">\n\t\t\t\t<div class=\"elementor-element elementor-element-23bfdf8d e-con-full e-flex e-con e-parent\" data-id=\"23bfdf8d\" data-element_type=\"container\" data-e-type=\"container\">\n\t\t<div class=\"elementor-element elementor-element-b3febfc e-con-full e-flex e-con e-child\" data-id=\"b3febfc\" data-element_type=\"container\" data-e-type=\"container\">\n\t\t\t\t<div class=\"elementor-element elementor-element-2081fa83 elementor-widget elementor-widget-heading\" data-id=\"2081fa83\" data-element_type=\"widget\" data-e-type=\"widget\" data-widget_type=\"heading.default\">\n\t\t\t\t<div class=\"elementor-widget-container\">\n\t\t\t\t\t<h1 class=\"elementor-heading-title elementor-size-default\">Det h\u00e4r \u00e4r ProVictum.<\/h1>\t\t\t\t<\/div>\n\t\t\t\t<\/div>\n\t\t\t\t<div class=\"elementor-element elementor-element-1420eb3 elementor-widget elementor-widget-text-editor\" data-id=\"1420eb3\" data-element_type=\"widget\" data-e-type=\"widget\" data-widget_type=\"text-editor.default\">\n\t\t\t\t<div class=\"elementor-widget-container\">\n\t\t\t\t\t\t\t\t\t<p>Vi \u00e4r ett litet f\u00f6retag med en stor ryggs\u00e4ck erfarenhet. Vi jobbar just nu med helhetsl\u00f6sningar mot alla typer av industrier. H\u00e4r ser vi en enorm potential p\u00e5 marknaden d\u00e4r det inte finns m\u00e5nga akt\u00f6rer som erbjuder det vi g\u00f6r och framf\u00f6r allt med den h\u00f6ga grad av service vi erbjuder.<br \/><br \/>Vi agerar fr\u00e4mst i M\u00e4lardalen men tar oss g\u00e4rna an uppdrag utanf\u00f6r. Vi tror p\u00e5 att v\u00e5r erfarenhet \u00e4r v\u00e5r starkaste sida och med detta kan vi garantera v\u00e5ra kunder en trygghet. Med oss som partner ska det k\u00e4nnas tryggt helt enkelt.<br \/><br \/>H\u00f6r av er s\u00e5 ber\u00e4ttar vi g\u00e4rna mer!<\/p>\t\t\t\t\t\t\t\t<\/div>\n\t\t\t\t<\/div>\n\t\t\t\t<\/div>\n\t\t<div class=\"elementor-element elementor-element-79635b6b e-con-full e-flex e-con e-child\" data-id=\"79635b6b\" data-element_type=\"container\" data-e-type=\"container\" data-settings=\"{&quot;background_background&quot;:&quot;classic&quot;}\">\n\t\t\t\t<\/div>\n\t\t\t\t<\/div>\n\t\t<div class=\"elementor-element elementor-element-76bf9fd1 e-con-full e-flex e-con e-parent\" data-id=\"76bf9fd1\" data-element_type=\"container\" data-e-type=\"container\">\n\t\t<div class=\"elementor-element elementor-element-4a70b25 e-con-full e-flex e-con e-child\" data-id=\"4a70b25\" data-element_type=\"container\" data-e-type=\"container\" data-settings=\"{&quot;background_background&quot;:&quot;classic&quot;}\">\n\t\t\t\t<\/div>\n\t\t<div class=\"elementor-element elementor-element-4c6e1e33 e-con-full e-flex e-con e-child\" data-id=\"4c6e1e33\" data-element_type=\"container\" data-e-type=\"container\">\n\t\t\t\t<div class=\"elementor-element elementor-element-3c48b2cf elementor-widget elementor-widget-heading\" data-id=\"3c48b2cf\" data-element_type=\"widget\" data-e-type=\"widget\" data-widget_type=\"heading.default\">\n\t\t\t\t<div class=\"elementor-widget-container\">\n\t\t\t\t\t<h2 class=\"elementor-heading-title elementor-size-default\">Vision<\/h2>\t\t\t\t<\/div>\n\t\t\t\t<\/div>\n\t\t\t\t<div class=\"elementor-element elementor-element-756b36a3 elementor-widget elementor-widget-text-editor\" data-id=\"756b36a3\" data-element_type=\"widget\" data-e-type=\"widget\" data-widget_type=\"text-editor.default\">\n\t\t\t\t<div class=\"elementor-widget-container\">\n\t\t\t\t\t\t\t\t\t<p>Vi ska inte bli st\u00f6rst men b\u00e4st p\u00e5 det vi g\u00f6r.<\/p>\t\t\t\t\t\t\t\t<\/div>\n\t\t\t\t<\/div>\n\t\t\t\t<\/div>\n\t\t\t\t<\/div>\n\t\t\t\t<\/div>\n\t\t","protected":false},"excerpt":{"rendered":"<p>Det h\u00e4r \u00e4r ProVictum. Vi \u00e4r ett litet f\u00f6retag med en stor ryggs\u00e4ck erfarenhet. Vi jobbar just nu med helhetsl\u00f6sningar mot alla typer av industrier. H\u00e4r ser vi en enorm potential p\u00e5 marknaden d\u00e4r det inte finns m\u00e5nga akt\u00f6rer som erbjuder det vi g\u00f6r och framf\u00f6r allt med den h\u00f6ga grad av service vi erbjuder. [&hellip;]<\/p>\n","protected":false},"author":1,"featured_media":0,"parent":0,"menu_order":0,"comment_status":"closed","ping_status":"closed","template":"elementor_header_footer","meta":{"footnotes":""},"class_list":["post-65","page","type-page","status-publish","hentry"],"_links":{"self":[{"href":"https:\/\/provictum.se\/index.php\/wp-json\/wp\/v2\/pages\/65"}],"collection":[{"href":"https:\/\/provictum.se\/index.php\/wp-json\/wp\/v2\/pages"}],"about":[{"href":"https:\/\/provictum.se\/index.php\/wp-json\/wp\/v2\/types\/page"}],"author":[{"embeddable":true,"href":"https:\/\/provictum.se\/index.php\/wp-json\/wp\/v2\/users\/1"}],"replies":[{"embeddable":true,"href":"https:\/\/provictum.se\/index.php\/wp-json\/wp\/v2\/comments?post=65"}],"version-history":[{"count":11,"href":"https:\/\/provictum.se\/index.php\/wp-json\/wp\/v2\/pages\/65\/revisions"}],"predecessor-version":[{"id":244,"href":"https:\/\/provictum.se\/index.php\/wp-json\/wp\/v2\/pages\/65\/revisions\/244"}],"wp:attachment":[{"href":"https:\/\/provictum.se\/index.php\/wp-json\/wp\/v2\/media?parent=65"}],"curies":[{"name":"wp","href":"https:\/\/api.w.org\/{rel}","templated":true}]}}